{"id":6953,"date":"2023-03-13T13:06:52","date_gmt":"2023-03-13T17:06:52","guid":{"rendered":"https:\/\/www.purehorticulture.ca\/?post_type=product&#038;p=6953"},"modified":"2026-02-25T08:35:43","modified_gmt":"2026-02-25T13:35:43","slug":"bourrache","status":"publish","type":"product","link":"https:\/\/www.purehorticulture.ca\/en\/produit\/bourrache\/","title":{"rendered":"Calendula"},"content":{"rendered":"","protected":false},"excerpt":{"rendered":"<p>Plante comestible et m\u00e9dicinale pour soigner les br\u00fblure \u00e9raflure et coupure.<\/p>\n","protected":false},"featured_media":7072,"template":"","meta":[],"product_brand":[],"product_cat":[98],"product_tag":[],"class_list":{"0":"post-6953","1":"product","2":"type-product","3":"status-publish","4":"has-post-thumbnail","6":"product_cat-fines-herbes","8":"first","9":"outofstock","10":"taxable","11":"shipping-taxable","12":"purchasable","13":"product-type-simple"},"_links":{"self":[{"href":"https:\/\/www.purehorticulture.ca\/en\/wp-json\/wp\/v2\/product\/6953","targetHints":{"allow":["GET"]}}],"collection":[{"href":"https:\/\/www.purehorticulture.ca\/en\/wp-json\/wp\/v2\/product"}],"about":[{"href":"https:\/\/www.purehorticulture.ca\/en\/wp-json\/wp\/v2\/types\/product"}],"wp:featuredmedia":[{"embeddable":true,"href":"https:\/\/www.purehorticulture.ca\/en\/wp-json\/wp\/v2\/media\/7072"}],"wp:attachment":[{"href":"https:\/\/www.purehorticulture.ca\/en\/wp-json\/wp\/v2\/media?parent=6953"}],"wp:term":[{"taxonomy":"product_brand","embeddable":true,"href":"https:\/\/www.purehorticulture.ca\/en\/wp-json\/wp\/v2\/product_brand?post=6953"},{"taxonomy":"product_cat","embeddable":true,"href":"https:\/\/www.purehorticulture.ca\/en\/wp-json\/wp\/v2\/product_cat?post=6953"},{"taxonomy":"product_tag","embeddable":true,"href":"https:\/\/www.purehorticulture.ca\/en\/wp-json\/wp\/v2\/product_tag?post=6953"}],"curies":[{"name":"wp","href":"https:\/\/api.w.org\/{rel}","templated":true}]}}