{"id":6951,"date":"2023-03-13T12:56:14","date_gmt":"2023-03-13T16:56:14","guid":{"rendered":"https:\/\/www.purehorticulture.ca\/?post_type=product&#038;p=6951"},"modified":"2026-02-25T08:36:08","modified_gmt":"2026-02-25T13:36:08","slug":"plectranthus","status":"publish","type":"product","link":"https:\/\/www.purehorticulture.ca\/en\/produit\/plectranthus\/","title":{"rendered":"Plectranthus"},"content":{"rendered":"","protected":false},"excerpt":{"rendered":"<p>Aide \u00e0 \u00e9loigner les \u00e9cureuils de votre potager. Joli feuillage. non comestible.<\/p>\n","protected":false},"featured_media":7076,"template":"","meta":[],"product_brand":[],"product_cat":[98],"product_tag":[],"class_list":{"0":"post-6951","1":"product","2":"type-product","3":"status-publish","4":"has-post-thumbnail","6":"product_cat-fines-herbes","8":"first","9":"outofstock","10":"taxable","11":"shipping-taxable","12":"purchasable","13":"product-type-simple"},"_links":{"self":[{"href":"https:\/\/www.purehorticulture.ca\/en\/wp-json\/wp\/v2\/product\/6951","targetHints":{"allow":["GET"]}}],"collection":[{"href":"https:\/\/www.purehorticulture.ca\/en\/wp-json\/wp\/v2\/product"}],"about":[{"href":"https:\/\/www.purehorticulture.ca\/en\/wp-json\/wp\/v2\/types\/product"}],"wp:featuredmedia":[{"embeddable":true,"href":"https:\/\/www.purehorticulture.ca\/en\/wp-json\/wp\/v2\/media\/7076"}],"wp:attachment":[{"href":"https:\/\/www.purehorticulture.ca\/en\/wp-json\/wp\/v2\/media?parent=6951"}],"wp:term":[{"taxonomy":"product_brand","embeddable":true,"href":"https:\/\/www.purehorticulture.ca\/en\/wp-json\/wp\/v2\/product_brand?post=6951"},{"taxonomy":"product_cat","embeddable":true,"href":"https:\/\/www.purehorticulture.ca\/en\/wp-json\/wp\/v2\/product_cat?post=6951"},{"taxonomy":"product_tag","embeddable":true,"href":"https:\/\/www.purehorticulture.ca\/en\/wp-json\/wp\/v2\/product_tag?post=6951"}],"curies":[{"name":"wp","href":"https:\/\/api.w.org\/{rel}","templated":true}]}}